{"id":6573,"date":"2020-02-25T14:14:46","date_gmt":"2020-02-25T14:14:46","guid":{"rendered":"https:\/\/www.easy-day.com\/aviso-legal\/"},"modified":"2020-02-25T14:14:46","modified_gmt":"2020-02-25T14:14:46","slug":"aviso-legal","status":"publish","type":"page","link":"https:\/\/www.easy-day.com\/es\/aviso-legal\/","title":{"rendered":"Aviso Legal"},"content":{"rendered":"<div class=\"entry-content\">\n<p>El sitio web se proporciona \u00abtal cual\u00bb. Active Earth \/ Korbi Hort renuncia expresamente a todas las garant\u00edas, incluidas las garant\u00edas de comerciabilidad, idoneidad para un prop\u00f3sito particular y no infracci\u00f3n. Korbi Hort \/ Active Earth declina toda responsabilidad por cualquier p\u00e9rdida, lesi\u00f3n, reclamo, responsabilidad o da\u00f1o de cualquier tipo que resulte de, surja de o de alguna manera relacionada con (a) cualquier error u omisi\u00f3n de este sitio web y el contenido, incluidos, entre otros, inexactitudes t\u00e9cnicas y errores tipogr\u00e1ficos, (b) cualquier sitio web de terceros o contenido en el mismo al que se acceda directa o indirectamente a trav\u00e9s de enlaces en este sitio web, incluidos, entre otros, los errores u omisiones del mismo, (c) la indisponibilidad del sitio web o cualquier parte del mismo, (d) su uso de este sitio web o (e) su uso de cualquier equipo o software en relaci\u00f3n con el sitio web.<\/p>\n<p><strong>Limitaci\u00f3n de responsabilidad<br \/>\n<\/strong>En ning\u00fan caso y bajo ninguna teor\u00eda legal o equitativa, ya sea en agravio, contrato, responsabilidad estricta o de otro tipo, ser\u00e9 responsable de cualquier da\u00f1o directo, indirecto, especial, incidental o consecuente que surja de cualquier uso de la informaci\u00f3n aqu\u00ed contenida, incluyendo , sin limitaci\u00f3n, da\u00f1os por lucro cesante, p\u00e9rdida de buena voluntad, p\u00e9rdida de datos, interrupci\u00f3n del trabajo, precisi\u00f3n de los resultados o falla o mal funcionamiento de la computadora.<\/p>\n<p><strong>Indemnizaci\u00f3n<\/strong><br \/>\nIndemnizaci\u00f3n Usted acepta defender, indemnizar y mantener a Active Earth \/ Korbi Hort indemne de y contra todas y cada una de las reclamaciones, da\u00f1os, costos y gastos, incluidos los honorarios legales, que surjan y est\u00e9n relacionados con su uso del Sitio.<\/p>\n<p><strong>Aviso de derechos de autor<br \/>\n<\/strong> A menos que se indique lo contrario, las im\u00e1genes gr\u00e1ficas, los botones y el texto contenidos en este Sitio son propiedad exclusiva de Active Earth \/ Korbi Hort. Excepto para uso personal, estos elementos no pueden copiarse, distribuirse, mostrarse, reproducirse o transmitirse, de ninguna forma ni por ning\u00fan medio, electr\u00f3nico, mec\u00e1nico, fotocopiado, grabaci\u00f3n o de otro modo sin el permiso previo por escrito de Active Earth \/ Korbi Hort.<\/p>\n<p><strong>Marcas comerciales<br \/>\n<\/strong> Este sitio presenta logotipos, identidades de marca y otras marcas comerciales y marcas de servicio (colectivamente, las \u00abMarcas\u00bb) que son propiedad de Active Earth \/ Korbi Hort o sus clientes anteriores o actuales o que tienen licencia para estos. . Nada de lo contenido en este Sitio debe interpretarse como una concesi\u00f3n, por implicaci\u00f3n, impedimento legal o de otro modo, cualquier licencia o derecho para usar cualquier Marca que se muestre en este Sitio sin el permiso por escrito de Korbi Hort \/ Active Earth o cualquier tercero que pueda poseer una Marca. que se muestra en el Sitio.<\/p>\n<p><strong>V\u00ednculos a sitios de terceros<br \/>\n<\/strong> Para comodidad de los usuarios, este Sitio puede vincularse a otros sitios que pertenecen y son operados por terceros y no mantenidos por Korbi Hort. Sin embargo, incluso si dichos terceros est\u00e1n afiliados a Korbi Hort \/ Active Earth, \u00e9l no tiene control sobre estos sitios vinculados, todos los cuales tienen pr\u00e1cticas separadas de privacidad y recopilaci\u00f3n de datos y pol\u00edticas legales independientes de Korbi Hort. Korbi Hort \/ Active Earth no es responsable del contenido de los sitios vinculados y no hace ninguna representaci\u00f3n con respecto al contenido o la precisi\u00f3n del material en dichos sitios. La visualizaci\u00f3n de dichos sitios de terceros es bajo su propio riesgo.<\/p>\n<p><strong>Lenguaje de advertencia con respecto a las declaraciones prospectivas<br \/>\n<\/strong>Este sitio puede contener declaraciones, estimaciones o proyecciones que constituyen \u00abdeclaraciones prospectivas\u00bb seg\u00fan lo define la ley. Dichas declaraciones prospectivas son inherentemente especulativas y se basan en la informaci\u00f3n disponible actualmente, los planes operativos y las proyecciones sobre eventos y tendencias futuros. Como tales, est\u00e1n sujetos a numerosos riesgos e incertidumbres. Los resultados y el rendimiento reales pueden diferir significativamente de la experiencia hist\u00f3rica de Korbi Horts y de las expectativas o proyecciones actuales. Korbi Hort no asume ninguna obligaci\u00f3n de actualizar o revisar p\u00fablicamente ninguna declaraci\u00f3n prospectiva.<\/p>\n<p><strong>Jurisdicci\u00f3n<br \/>\n<\/strong> Active Earth \/ Korbi Hort mantiene y opera este Sitio desde sus oficinas en Espa\u00f1a. Estos T\u00e9rminos de uso se rigen e interpretan seg\u00fan las leyes de Espa\u00f1a. Al utilizar este sitio, usted acepta la jurisdicci\u00f3n de los tribunales ubicados en Espa\u00f1a para cualquier acci\u00f3n que surja de estos T\u00e9rminos de uso. Cualquier causa de acci\u00f3n o reclamo que pueda tener con respecto al Sitio debe iniciarse dentro de un (1) a\u00f1o despu\u00e9s de que surja el reclamo o la causa de acci\u00f3n. Si alguna parte de estos T\u00e9rminos de uso se considera ilegal, nula o inaplicable, esa parte se considerar\u00e1 separable y se interpretar\u00e1 de acuerdo con la ley aplicable. Dicho t\u00e9rmino no afectar\u00e1 la validez y aplicabilidad de las disposiciones restantes. El hecho de que Korbi Hort no act\u00fae con respecto a un incumplimiento de estos T\u00e9rminos de uso por parte de usted u otros no constituye una renuncia y no limitar\u00e1 los derechos de Active Earth \/ Korbi Hort.<\/p>\n<p><strong>Usando el sitio web de Active Earth<br \/>\n<\/strong> Tenga en cuenta que el contenido de este sitio web puede cambiar de vez en cuando. Es posible que el contenido de este sitio web no siempre est\u00e9 disponible. Los usuarios que no acepten los T\u00e9rminos de uso descritos aqu\u00ed deben dejar de usar este sitio web de inmediato.<\/p>\n<\/div>\n","protected":false},"excerpt":{"rendered":"<p>El sitio web se proporciona \u00abtal cual\u00bb. Active Earth \/ Korbi Hort renuncia expresamente a todas las garant\u00edas, incluidas las garant\u00edas de comerciabilidad, idoneidad para un prop\u00f3sito particular y no infracci\u00f3n. Korbi Hort \/ Active Earth declina toda responsabilidad por cualquier p\u00e9rdida, lesi\u00f3n, reclamo, responsabilidad o da\u00f1o de cualquier tipo que resulte de, surja de [&hellip;]<\/p>\n","protected":false},"author":2,"featured_media":0,"parent":0,"menu_order":0,"comment_status":"closed","ping_status":"closed","template":"","meta":{"footnotes":""},"class_list":["post-6573","page","type-page","status-publish","hentry"],"yoast_head":"<!-- This site is optimized with the Yoast SEO plugin v27.1.1 - https:\/\/yoast.com\/product\/yoast-seo-wordpress\/ -->\n<title>Aviso Legal - EASY DAY<\/title>\n<meta name=\"description\" content=\"El sitio web se proporciona &quot;tal cual&quot;. Active Earth \/ Korbi Hort renuncia expresamente a todas las garant\u00edas, incluidas las garant\u00edas de comerciabilidad,\" \/>\n<meta name=\"robots\" content=\"index, follow, max-snippet:-1, max-image-preview:large, max-video-preview:-1\" \/>\n<link rel=\"canonical\" href=\"https:\/\/www.easy-day.com\/es\/aviso-legal\/\" \/>\n<meta property=\"og:locale\" content=\"es_ES\" \/>\n<meta property=\"og:type\" content=\"article\" \/>\n<meta property=\"og:title\" content=\"Aviso Legal - EASY DAY\" \/>\n<meta property=\"og:description\" content=\"El sitio web se proporciona &quot;tal cual&quot;. Active Earth \/ Korbi Hort renuncia expresamente a todas las garant\u00edas, incluidas las garant\u00edas de comerciabilidad,\" \/>\n<meta property=\"og:url\" content=\"https:\/\/www.easy-day.com\/es\/aviso-legal\/\" \/>\n<meta property=\"og:site_name\" content=\"EASY DAY\" \/>\n<meta name=\"twitter:card\" content=\"summary_large_image\" \/>\n<meta name=\"twitter:label1\" content=\"Tiempo de lectura\" \/>\n\t<meta name=\"twitter:data1\" content=\"5 minutos\" \/>\n<script type=\"application\/ld+json\" class=\"yoast-schema-graph\">{\"@context\":\"https:\/\/schema.org\",\"@graph\":[{\"@type\":\"WebPage\",\"@id\":\"https:\/\/www.easy-day.com\/es\/aviso-legal\/\",\"url\":\"https:\/\/www.easy-day.com\/es\/aviso-legal\/\",\"name\":\"Aviso Legal - EASY DAY\",\"isPartOf\":{\"@id\":\"https:\/\/www.easy-day.com\/es\/#website\"},\"datePublished\":\"2020-02-25T14:14:46+00:00\",\"description\":\"El sitio web se proporciona \\\"tal cual\\\". Active Earth \/ Korbi Hort renuncia expresamente a todas las garant\u00edas, incluidas las garant\u00edas de comerciabilidad,\",\"breadcrumb\":{\"@id\":\"https:\/\/www.easy-day.com\/es\/aviso-legal\/#breadcrumb\"},\"inLanguage\":\"es\",\"potentialAction\":[{\"@type\":\"ReadAction\",\"target\":[\"https:\/\/www.easy-day.com\/es\/aviso-legal\/\"]}]},{\"@type\":\"BreadcrumbList\",\"@id\":\"https:\/\/www.easy-day.com\/es\/aviso-legal\/#breadcrumb\",\"itemListElement\":[{\"@type\":\"ListItem\",\"position\":1,\"name\":\"Home\",\"item\":\"https:\/\/www.easy-day.com\/es\/\"},{\"@type\":\"ListItem\",\"position\":2,\"name\":\"Aviso Legal\"}]},{\"@type\":\"WebSite\",\"@id\":\"https:\/\/www.easy-day.com\/es\/#website\",\"url\":\"https:\/\/www.easy-day.com\/es\/\",\"name\":\"EASY DAY\",\"description\":\"Adventure Education, Arts, Retreats, Cafe\",\"publisher\":{\"@id\":\"https:\/\/www.easy-day.com\/es\/#organization\"},\"potentialAction\":[{\"@type\":\"SearchAction\",\"target\":{\"@type\":\"EntryPoint\",\"urlTemplate\":\"https:\/\/www.easy-day.com\/es\/?s={search_term_string}\"},\"query-input\":{\"@type\":\"PropertyValueSpecification\",\"valueRequired\":true,\"valueName\":\"search_term_string\"}}],\"inLanguage\":\"es\"},{\"@type\":\"Organization\",\"@id\":\"https:\/\/www.easy-day.com\/es\/#organization\",\"name\":\"EASY DAY\",\"url\":\"https:\/\/www.easy-day.com\/es\/\",\"logo\":{\"@type\":\"ImageObject\",\"inLanguage\":\"es\",\"@id\":\"https:\/\/www.easy-day.com\/es\/#\/schema\/logo\/image\/\",\"url\":\"https:\/\/www.easy-day.com\/wp-content\/uploads\/2016\/11\/easy_day_logo-01.png\",\"contentUrl\":\"https:\/\/www.easy-day.com\/wp-content\/uploads\/2016\/11\/easy_day_logo-01.png\",\"width\":55,\"height\":55,\"caption\":\"EASY DAY\"},\"image\":{\"@id\":\"https:\/\/www.easy-day.com\/es\/#\/schema\/logo\/image\/\"}}]}<\/script>\n<!-- \/ Yoast SEO plugin. -->","yoast_head_json":{"title":"Aviso Legal - EASY DAY","description":"El sitio web se proporciona \"tal cual\". Active Earth \/ Korbi Hort renuncia expresamente a todas las garant\u00edas, incluidas las garant\u00edas de comerciabilidad,","robots":{"index":"index","follow":"follow","max-snippet":"max-snippet:-1","max-image-preview":"max-image-preview:large","max-video-preview":"max-video-preview:-1"},"canonical":"https:\/\/www.easy-day.com\/es\/aviso-legal\/","og_locale":"es_ES","og_type":"article","og_title":"Aviso Legal - EASY DAY","og_description":"El sitio web se proporciona \"tal cual\". Active Earth \/ Korbi Hort renuncia expresamente a todas las garant\u00edas, incluidas las garant\u00edas de comerciabilidad,","og_url":"https:\/\/www.easy-day.com\/es\/aviso-legal\/","og_site_name":"EASY DAY","twitter_card":"summary_large_image","twitter_misc":{"Tiempo de lectura":"5 minutos"},"schema":{"@context":"https:\/\/schema.org","@graph":[{"@type":"WebPage","@id":"https:\/\/www.easy-day.com\/es\/aviso-legal\/","url":"https:\/\/www.easy-day.com\/es\/aviso-legal\/","name":"Aviso Legal - EASY DAY","isPartOf":{"@id":"https:\/\/www.easy-day.com\/es\/#website"},"datePublished":"2020-02-25T14:14:46+00:00","description":"El sitio web se proporciona \"tal cual\". Active Earth \/ Korbi Hort renuncia expresamente a todas las garant\u00edas, incluidas las garant\u00edas de comerciabilidad,","breadcrumb":{"@id":"https:\/\/www.easy-day.com\/es\/aviso-legal\/#breadcrumb"},"inLanguage":"es","potentialAction":[{"@type":"ReadAction","target":["https:\/\/www.easy-day.com\/es\/aviso-legal\/"]}]},{"@type":"BreadcrumbList","@id":"https:\/\/www.easy-day.com\/es\/aviso-legal\/#breadcrumb","itemListElement":[{"@type":"ListItem","position":1,"name":"Home","item":"https:\/\/www.easy-day.com\/es\/"},{"@type":"ListItem","position":2,"name":"Aviso Legal"}]},{"@type":"WebSite","@id":"https:\/\/www.easy-day.com\/es\/#website","url":"https:\/\/www.easy-day.com\/es\/","name":"EASY DAY","description":"Adventure Education, Arts, Retreats, Cafe","publisher":{"@id":"https:\/\/www.easy-day.com\/es\/#organization"},"potentialAction":[{"@type":"SearchAction","target":{"@type":"EntryPoint","urlTemplate":"https:\/\/www.easy-day.com\/es\/?s={search_term_string}"},"query-input":{"@type":"PropertyValueSpecification","valueRequired":true,"valueName":"search_term_string"}}],"inLanguage":"es"},{"@type":"Organization","@id":"https:\/\/www.easy-day.com\/es\/#organization","name":"EASY DAY","url":"https:\/\/www.easy-day.com\/es\/","logo":{"@type":"ImageObject","inLanguage":"es","@id":"https:\/\/www.easy-day.com\/es\/#\/schema\/logo\/image\/","url":"https:\/\/www.easy-day.com\/wp-content\/uploads\/2016\/11\/easy_day_logo-01.png","contentUrl":"https:\/\/www.easy-day.com\/wp-content\/uploads\/2016\/11\/easy_day_logo-01.png","width":55,"height":55,"caption":"EASY DAY"},"image":{"@id":"https:\/\/www.easy-day.com\/es\/#\/schema\/logo\/image\/"}}]}},"_links":{"self":[{"href":"https:\/\/www.easy-day.com\/es\/wp-json\/wp\/v2\/pages\/6573","targetHints":{"allow":["GET"]}}],"collection":[{"href":"https:\/\/www.easy-day.com\/es\/wp-json\/wp\/v2\/pages"}],"about":[{"href":"https:\/\/www.easy-day.com\/es\/wp-json\/wp\/v2\/types\/page"}],"author":[{"embeddable":true,"href":"https:\/\/www.easy-day.com\/es\/wp-json\/wp\/v2\/users\/2"}],"replies":[{"embeddable":true,"href":"https:\/\/www.easy-day.com\/es\/wp-json\/wp\/v2\/comments?post=6573"}],"version-history":[{"count":0,"href":"https:\/\/www.easy-day.com\/es\/wp-json\/wp\/v2\/pages\/6573\/revisions"}],"wp:attachment":[{"href":"https:\/\/www.easy-day.com\/es\/wp-json\/wp\/v2\/media?parent=6573"}],"curies":[{"name":"wp","href":"https:\/\/api.w.org\/{rel}","templated":true}]}}