{"id":6572,"date":"2020-02-25T14:14:59","date_gmt":"2020-02-25T14:14:59","guid":{"rendered":"https:\/\/www.easy-day.com\/cookies\/"},"modified":"2020-02-25T14:14:59","modified_gmt":"2020-02-25T14:14:59","slug":"cookies","status":"publish","type":"page","link":"https:\/\/www.easy-day.com\/es\/cookies\/","title":{"rendered":"Cookies"},"content":{"rendered":"<p>En todas las p\u00e1ginas del sitio web easy-day.com se ilustra en la parte inferior de las mismas informaci\u00f3n sobre su Pol\u00edtica de Cookies para que el Usuario pueda acceder a ella en cualquier momento durante la navegaci\u00f3n, pudiendo:<\/p>\n<ul>\n<li>Consentir y aceptar que se instalen cookies, en cuyo caso ya no se ver\u00e1 el aviso durante la sesi\u00f3n.<\/li>\n<li>Continuar navegando, en cuyo caso se entiende que es una acci\u00f3n que autoriza el uso e instalaci\u00f3n de cookies.<\/li>\n<li>Modificar la configuraci\u00f3n de su navegador para restringir, bloquear o eliminar las cookies en cualquier momento, aunque se observa que la falta de aceptaci\u00f3n de la instalaci\u00f3n de cookies podr\u00eda impedir o dificultar las funcionalidades del servicio.<\/li>\n<\/ul>\n<p><strong>\u00bfQu\u00e9 son las cookies?<\/strong><\/p>\n<p>Una cookie es un archivo que se descarga en su computadora cuando accede a determinadas p\u00e1ginas web. Las cookies permiten a una p\u00e1gina Web, entre otras cosas, almacenar y recuperar informaci\u00f3n sobre los h\u00e1bitos de navegaci\u00f3n de un usuario o de su equipo y, dependiendo de la informaci\u00f3n que contengan y de la forma en que utilice su equipo, pueden utilizarse para reconocer al usuario. .<\/p>\n<p><strong>\u00bfQU\u00c9 TIPOS DE COOKIES UTILIZA easy-day.com?<\/strong><\/p>\n<p><strong>POR EL PERIODO DE TIEMPO QUE PERMANECEN ACTIVADOS:<\/strong><\/p>\n<p>COOKIES PERSISTENTES: Son un tipo de cookies en las que los datos siguen almacenados en el terminal y pueden ser accedidos y tratados durante un plazo definido por el responsable de la cookie, que puede oscilar entre unos minutos y varios a\u00f1os.<\/p>\n<p><strong>PARA SU PROP\u00d3SITO:<\/strong><\/p>\n<p>COOKIES DE AN\u00c1LISIS: Son aqu\u00e9llas que permiten al responsable de las mismas monitorizar y analizar el comportamiento de los usuarios de los sitios web a los que est\u00e1n vinculadas. La informaci\u00f3n recogida a trav\u00e9s de este tipo de cookies se utiliza para medir la actividad de los sitios web, aplicaci\u00f3n o plataforma y para la elaboraci\u00f3n de perfiles de navegaci\u00f3n de los usuarios de dichos sitios, aplicaciones y plataformas, con el fin de introducir mejoras basadas en el an\u00e1lisis de uso. datos elaborados por los usuarios del servicio.<\/p>\n<p>COOKIES PUBLICITARIAS: Son aqu\u00e9llas que permiten la gesti\u00f3n, de la forma m\u00e1s eficaz posible, de los espacios publicitarios que, en su caso, el editor o un tercero haya incluido en una p\u00e1gina web, aplicaci\u00f3n o plataforma desde la que se presta el servicio solicitado. . seg\u00fan criterios como el contenido editado o la frecuencia con la que se muestran los anuncios.<\/p>\n<p>Puede obtener m\u00e1s informaci\u00f3n sobre las cookies de terceros que utiliza este sitio web, en los siguientes enlaces:<\/p>\n<ul>\n<li>https:\/\/developers.google.com\/analytics\/devguides\/collection\/analyticsjs\/cookie-usage<\/li>\n<li>http:\/\/www.google.com\/intl\/es\/policies\/privacy<\/li>\n<\/ul>\n<p>Asimismo, puede permitir, bloquear o eliminar las cookies instaladas en su equipo mediante la configuraci\u00f3n de las opciones del navegador instalado en su equipo.<\/p>\n<ul>\n<li>Firefox: http:\/\/support.mozilla.org\/es\/kb\/habilitar-y-deshabilitar-cookies-que-los-sitios-we<\/li>\n<li>Chrome: http:\/\/support.google.com\/chrome\/bin\/answer.py?hl=es&amp;answer=95647<\/li>\n<li>Explorer: http:\/\/windows.microsoft.com\/es-es\/windows7\/how-to-manage-cookies-in-internet-explorer-9<\/li>\n<li>Safari: https:\/\/www.apple.com\/legal\/privacy\/es\/<\/li>\n<li>Otros navegadores: consulte la documentaci\u00f3n del navegador que ha instalado.<\/li>\n<\/ul>\n<p>Adem\u00e1s, tambi\u00e9n puede administrar el almac\u00e9n de cookies en su navegador a trav\u00e9s de herramientas como Sus opciones en l\u00ednea: www.youronlinechoices.com\/es\/<\/p>\n<p>Si desea rechazar las cookies de an\u00e1lisis de Google Analytics a todos los navegadores, para que su informaci\u00f3n no se env\u00ede a Google Analytics, puede descargar una desde el enlace: https:\/\/tools.google.com\/dlpage\/gaoptout.<\/p>\n","protected":false},"excerpt":{"rendered":"<p>En todas las p\u00e1ginas del sitio web easy-day.com se ilustra en la parte inferior de las mismas informaci\u00f3n sobre su Pol\u00edtica de Cookies para que el Usuario pueda acceder a ella en cualquier momento durante la navegaci\u00f3n, pudiendo: Consentir y aceptar que se instalen cookies, en cuyo caso ya no se ver\u00e1 el aviso durante [&hellip;]<\/p>\n","protected":false},"author":2,"featured_media":0,"parent":0,"menu_order":0,"comment_status":"closed","ping_status":"closed","template":"","meta":{"footnotes":""},"class_list":["post-6572","page","type-page","status-publish","hentry"],"yoast_head":"<!-- This site is optimized with the Yoast SEO plugin v27.1.1 - https:\/\/yoast.com\/product\/yoast-seo-wordpress\/ -->\n<title>Cookies - EASY DAY<\/title>\n<meta name=\"description\" content=\"En todas las p\u00e1ginas del sitio web easy-day.com se ilustra en la parte inferior de las mismas informaci\u00f3n sobre su Pol\u00edtica de Cookies para que el Usuario\" \/>\n<meta name=\"robots\" content=\"index, follow, max-snippet:-1, max-image-preview:large, max-video-preview:-1\" \/>\n<link rel=\"canonical\" href=\"https:\/\/www.easy-day.com\/es\/cookies\/\" \/>\n<meta property=\"og:locale\" content=\"es_ES\" \/>\n<meta property=\"og:type\" content=\"article\" \/>\n<meta property=\"og:title\" content=\"Cookies - EASY DAY\" \/>\n<meta property=\"og:description\" content=\"En todas las p\u00e1ginas del sitio web easy-day.com se ilustra en la parte inferior de las mismas informaci\u00f3n sobre su Pol\u00edtica de Cookies para que el Usuario\" \/>\n<meta property=\"og:url\" content=\"https:\/\/www.easy-day.com\/es\/cookies\/\" \/>\n<meta property=\"og:site_name\" content=\"EASY DAY\" \/>\n<meta name=\"twitter:card\" content=\"summary_large_image\" \/>\n<meta name=\"twitter:label1\" content=\"Tiempo de lectura\" \/>\n\t<meta name=\"twitter:data1\" content=\"3 minutos\" \/>\n<script type=\"application\/ld+json\" class=\"yoast-schema-graph\">{\"@context\":\"https:\/\/schema.org\",\"@graph\":[{\"@type\":\"WebPage\",\"@id\":\"https:\/\/www.easy-day.com\/es\/cookies\/\",\"url\":\"https:\/\/www.easy-day.com\/es\/cookies\/\",\"name\":\"Cookies - EASY DAY\",\"isPartOf\":{\"@id\":\"https:\/\/www.easy-day.com\/es\/#website\"},\"datePublished\":\"2020-02-25T14:14:59+00:00\",\"description\":\"En todas las p\u00e1ginas del sitio web easy-day.com se ilustra en la parte inferior de las mismas informaci\u00f3n sobre su Pol\u00edtica de Cookies para que el Usuario\",\"breadcrumb\":{\"@id\":\"https:\/\/www.easy-day.com\/es\/cookies\/#breadcrumb\"},\"inLanguage\":\"es\",\"potentialAction\":[{\"@type\":\"ReadAction\",\"target\":[\"https:\/\/www.easy-day.com\/es\/cookies\/\"]}]},{\"@type\":\"BreadcrumbList\",\"@id\":\"https:\/\/www.easy-day.com\/es\/cookies\/#breadcrumb\",\"itemListElement\":[{\"@type\":\"ListItem\",\"position\":1,\"name\":\"Home\",\"item\":\"https:\/\/www.easy-day.com\/es\/\"},{\"@type\":\"ListItem\",\"position\":2,\"name\":\"Cookies\"}]},{\"@type\":\"WebSite\",\"@id\":\"https:\/\/www.easy-day.com\/es\/#website\",\"url\":\"https:\/\/www.easy-day.com\/es\/\",\"name\":\"EASY DAY\",\"description\":\"Adventure Education, Arts, Retreats, Cafe\",\"publisher\":{\"@id\":\"https:\/\/www.easy-day.com\/es\/#organization\"},\"potentialAction\":[{\"@type\":\"SearchAction\",\"target\":{\"@type\":\"EntryPoint\",\"urlTemplate\":\"https:\/\/www.easy-day.com\/es\/?s={search_term_string}\"},\"query-input\":{\"@type\":\"PropertyValueSpecification\",\"valueRequired\":true,\"valueName\":\"search_term_string\"}}],\"inLanguage\":\"es\"},{\"@type\":\"Organization\",\"@id\":\"https:\/\/www.easy-day.com\/es\/#organization\",\"name\":\"EASY DAY\",\"url\":\"https:\/\/www.easy-day.com\/es\/\",\"logo\":{\"@type\":\"ImageObject\",\"inLanguage\":\"es\",\"@id\":\"https:\/\/www.easy-day.com\/es\/#\/schema\/logo\/image\/\",\"url\":\"https:\/\/www.easy-day.com\/wp-content\/uploads\/2016\/11\/easy_day_logo-01.png\",\"contentUrl\":\"https:\/\/www.easy-day.com\/wp-content\/uploads\/2016\/11\/easy_day_logo-01.png\",\"width\":55,\"height\":55,\"caption\":\"EASY DAY\"},\"image\":{\"@id\":\"https:\/\/www.easy-day.com\/es\/#\/schema\/logo\/image\/\"}}]}<\/script>\n<!-- \/ Yoast SEO plugin. -->","yoast_head_json":{"title":"Cookies - EASY DAY","description":"En todas las p\u00e1ginas del sitio web easy-day.com se ilustra en la parte inferior de las mismas informaci\u00f3n sobre su Pol\u00edtica de Cookies para que el Usuario","robots":{"index":"index","follow":"follow","max-snippet":"max-snippet:-1","max-image-preview":"max-image-preview:large","max-video-preview":"max-video-preview:-1"},"canonical":"https:\/\/www.easy-day.com\/es\/cookies\/","og_locale":"es_ES","og_type":"article","og_title":"Cookies - EASY DAY","og_description":"En todas las p\u00e1ginas del sitio web easy-day.com se ilustra en la parte inferior de las mismas informaci\u00f3n sobre su Pol\u00edtica de Cookies para que el Usuario","og_url":"https:\/\/www.easy-day.com\/es\/cookies\/","og_site_name":"EASY DAY","twitter_card":"summary_large_image","twitter_misc":{"Tiempo de lectura":"3 minutos"},"schema":{"@context":"https:\/\/schema.org","@graph":[{"@type":"WebPage","@id":"https:\/\/www.easy-day.com\/es\/cookies\/","url":"https:\/\/www.easy-day.com\/es\/cookies\/","name":"Cookies - EASY DAY","isPartOf":{"@id":"https:\/\/www.easy-day.com\/es\/#website"},"datePublished":"2020-02-25T14:14:59+00:00","description":"En todas las p\u00e1ginas del sitio web easy-day.com se ilustra en la parte inferior de las mismas informaci\u00f3n sobre su Pol\u00edtica de Cookies para que el Usuario","breadcrumb":{"@id":"https:\/\/www.easy-day.com\/es\/cookies\/#breadcrumb"},"inLanguage":"es","potentialAction":[{"@type":"ReadAction","target":["https:\/\/www.easy-day.com\/es\/cookies\/"]}]},{"@type":"BreadcrumbList","@id":"https:\/\/www.easy-day.com\/es\/cookies\/#breadcrumb","itemListElement":[{"@type":"ListItem","position":1,"name":"Home","item":"https:\/\/www.easy-day.com\/es\/"},{"@type":"ListItem","position":2,"name":"Cookies"}]},{"@type":"WebSite","@id":"https:\/\/www.easy-day.com\/es\/#website","url":"https:\/\/www.easy-day.com\/es\/","name":"EASY DAY","description":"Adventure Education, Arts, Retreats, Cafe","publisher":{"@id":"https:\/\/www.easy-day.com\/es\/#organization"},"potentialAction":[{"@type":"SearchAction","target":{"@type":"EntryPoint","urlTemplate":"https:\/\/www.easy-day.com\/es\/?s={search_term_string}"},"query-input":{"@type":"PropertyValueSpecification","valueRequired":true,"valueName":"search_term_string"}}],"inLanguage":"es"},{"@type":"Organization","@id":"https:\/\/www.easy-day.com\/es\/#organization","name":"EASY DAY","url":"https:\/\/www.easy-day.com\/es\/","logo":{"@type":"ImageObject","inLanguage":"es","@id":"https:\/\/www.easy-day.com\/es\/#\/schema\/logo\/image\/","url":"https:\/\/www.easy-day.com\/wp-content\/uploads\/2016\/11\/easy_day_logo-01.png","contentUrl":"https:\/\/www.easy-day.com\/wp-content\/uploads\/2016\/11\/easy_day_logo-01.png","width":55,"height":55,"caption":"EASY DAY"},"image":{"@id":"https:\/\/www.easy-day.com\/es\/#\/schema\/logo\/image\/"}}]}},"_links":{"self":[{"href":"https:\/\/www.easy-day.com\/es\/wp-json\/wp\/v2\/pages\/6572","targetHints":{"allow":["GET"]}}],"collection":[{"href":"https:\/\/www.easy-day.com\/es\/wp-json\/wp\/v2\/pages"}],"about":[{"href":"https:\/\/www.easy-day.com\/es\/wp-json\/wp\/v2\/types\/page"}],"author":[{"embeddable":true,"href":"https:\/\/www.easy-day.com\/es\/wp-json\/wp\/v2\/users\/2"}],"replies":[{"embeddable":true,"href":"https:\/\/www.easy-day.com\/es\/wp-json\/wp\/v2\/comments?post=6572"}],"version-history":[{"count":0,"href":"https:\/\/www.easy-day.com\/es\/wp-json\/wp\/v2\/pages\/6572\/revisions"}],"wp:attachment":[{"href":"https:\/\/www.easy-day.com\/es\/wp-json\/wp\/v2\/media?parent=6572"}],"curies":[{"name":"wp","href":"https:\/\/api.w.org\/{rel}","templated":true}]}}