{"id":9663,"date":"2020-02-25T14:14:59","date_gmt":"2020-02-25T14:14:59","guid":{"rendered":"https:\/\/www.easy-day.com\/cookies-2\/"},"modified":"2020-02-25T14:14:59","modified_gmt":"2020-02-25T14:14:59","slug":"cookies-2","status":"publish","type":"page","link":"https:\/\/www.easy-day.com\/ca\/cookies-2\/","title":{"rendered":"Cookies"},"content":{"rendered":"<p>En totes les p\u00e0gines del lloc web easy-day.com, s&#8217;il\u00b7lustra informaci\u00f3 sobre la seva Pol\u00edtica de Cookies a la part inferior de les mateixes perqu\u00e8 l&#8217;Usuari pugui accedir-hi en qualsevol moment durant la navegaci\u00f3, podent:<\/p>\n<ul>\n<li>Consent i accepta que s&#8217;instal\u00b7lin cookies, en aquest cas l&#8217;av\u00eds ja no es veur\u00e0 durant la sessi\u00f3.<\/li>\n<li>Continua navegant, en aquest cas s&#8217;ent\u00e9n que \u00e9s una acci\u00f3 que autoritza l&#8217;\u00fas i la instal\u00b7laci\u00f3 de cookies.<\/li>\n<li>Modifiqueu la configuraci\u00f3 del vostre navegador per restringir, bloquejar o eliminar les cookies en qualsevol moment, tot i que s&#8217;adverteix que la manca d&#8217;acceptaci\u00f3 de la instal\u00b7laci\u00f3 de cookies podria impedir o dificultar les funcionalitats del servei.<\/li>\n<\/ul>\n<p><strong>Qu\u00e8 s\u00f3n les galetes (cookies)?<\/strong><\/p>\n<p>Una cookie \u00e9s un fitxer que es descarrega a l&#8217;ordinador quan accedeixes a determinades p\u00e0gines web. Les galetes permeten a una p\u00e0gina web, entre altres coses, emmagatzemar i recuperar informaci\u00f3 sobre els h\u00e0bits de navegaci\u00f3 d&#8217;un usuari o del seu equip i, depenent de la informaci\u00f3 que continguin i de la manera com utilitzi el seu equip, es poden utilitzar per recon\u00e8ixer l&#8217;usuari.<\/p>\n<p><strong>QUINS TIPUS DE COOKIES UTILITZA easy-day.com?<\/strong><\/p>\n<p><strong>DURANT EL PER\u00cdODE DE TEMPS QUE ROMANGUIN ACTIVATS:<\/strong><\/p>\n<p>COOKIES PERSISTENTS: S\u00f3n un tipus de cookies en qu\u00e8 les dades continuen emmagatzemades al terminal i es pot accedir a elles i tractar-les durant un per\u00edode definit pel responsable de la cookie, que pot anar des d&#8217;uns minuts fins a diversos anys.<\/p>\n<p><strong>PER AL SEU PROP\u00d2SIT:<\/strong><\/p>\n<p>COOKIES D&#8217;AN\u00c0LISI: S\u00f3n aquelles que permeten al responsable de les mateixes el seguiment i an\u00e0lisi del comportament dels usuaris dels llocs web als quals estan vinculades. La informaci\u00f3 recollida mitjan\u00e7ant aquest tipus de cookies s&#8217;utilitza per mesurar l&#8217;activitat dels llocs web, aplicaci\u00f3 o plataforma i per a l&#8217;elaboraci\u00f3 de perfils de navegaci\u00f3 dels usuaris d&#8217;aquests llocs, aplicacions i plataformes, per tal d&#8217;introduir millores en funci\u00f3 de l&#8217;an\u00e0lisi de les dades d&#8217;\u00fas que fan els usuaris del servei. <\/p>\n<p>COOKIES DE PUBLICITAT: S\u00f3n aquelles que permeten la gesti\u00f3, de la manera m\u00e9s eficient possible, dels espais publicitaris que, si escau, l&#8217;editor o un tercer hagi incl\u00f2s en una p\u00e0gina web, aplicaci\u00f3 o plataforma des de la qual presta el servei sol\u00b7licitat en base a criteris com el contingut editat o la freq\u00fc\u00e8ncia amb qu\u00e8 es mostren els anuncis. <\/p>\n<p>Podeu obtenir m\u00e9s informaci\u00f3 sobre les cookies de tercers que utilitza aquest lloc web, en els seg\u00fcents enlla\u00e7os:<\/p>\n<ul>\n<li>https:\/\/developers.google.com\/analytics\/devguides\/collection\/analyticsjs\/cookie-usage<\/li>\n<li>http:\/\/www.google.com\/intl\/es\/policies\/privacy<\/li>\n<\/ul>\n<p>Aix\u00ed mateix, pots permetre, bloquejar o eliminar les cookies instal\u00b7lades al teu equip mitjan\u00e7ant la configuraci\u00f3 de les opcions del navegador instal\u00b7lat al teu ordinador.<\/p>\n<ul>\n<li>Firefox: http:\/\/support.mozilla.org\/es\/kb\/habilitar-y-deshabilitar-cookies-que-los-sitios-we<\/li>\n<li>Chrome: http:\/\/support.google.com\/chrome\/bin\/answer.py?hl=es&amp;answer=95647<\/li>\n<li>Explorer: http:\/\/windows.microsoft.com\/es-es\/windows7\/how-to-manage-cookies-in-internet-explorer-9<\/li>\n<li>Safari: https:\/\/www.apple.com\/legal\/privacy\/es\/<\/li>\n<li>Altres navegadors: consulteu la documentaci\u00f3 del navegador que teniu instal\u00b7lat.<\/li>\n<\/ul>\n<p>A m\u00e9s, tamb\u00e9 podeu gestionar l&#8217;emmagatzematge de cookies al vostre navegador mitjan\u00e7ant eines com ara Les vostres opcions en l\u00ednia: www.youronlinechoices.com\/es\/<\/p>\n<p>Si voleu rebutjar les galetes d&#8217;an\u00e0lisi de Google Analytics a tots els navegadors, de manera que la vostra informaci\u00f3 no s&#8217;envi\u00ef a Google Analytics, podeu descarregar-ne una des de l&#8217;enlla\u00e7: https:\/\/tools.google.com\/dlpage\/gaoptout.<\/p>\n","protected":false},"excerpt":{"rendered":"<p>En totes les p\u00e0gines del lloc web easy-day.com, s&#8217;il\u00b7lustra informaci\u00f3 sobre la seva Pol\u00edtica de Cookies a la part inferior de les mateixes perqu\u00e8 l&#8217;Usuari pugui accedir-hi en qualsevol moment durant la navegaci\u00f3, podent: Consent i accepta que s&#8217;instal\u00b7lin cookies, en aquest cas l&#8217;av\u00eds ja no es veur\u00e0 durant la sessi\u00f3. Continua navegant, en aquest [&hellip;]<\/p>\n","protected":false},"author":2,"featured_media":0,"parent":0,"menu_order":0,"comment_status":"closed","ping_status":"closed","template":"","meta":{"footnotes":""},"class_list":["post-9663","page","type-page","status-publish","hentry"],"yoast_head":"<!-- This site is optimized with the Yoast SEO plugin v27.1.1 - https:\/\/yoast.com\/product\/yoast-seo-wordpress\/ -->\n<title>Cookies - EASY DAY<\/title>\n<meta name=\"description\" content=\"En totes les p\u00e0gines del lloc web easy-day.com, s&#039;il\u00b7lustra informaci\u00f3 sobre la seva Pol\u00edtica de Cookies a la part inferior de les mateixes perqu\u00e8\" \/>\n<meta name=\"robots\" content=\"index, follow, max-snippet:-1, max-image-preview:large, max-video-preview:-1\" \/>\n<link rel=\"canonical\" href=\"https:\/\/www.easy-day.com\/ca\/cookies-2\/\" \/>\n<meta property=\"og:locale\" content=\"ca_ES\" \/>\n<meta property=\"og:type\" content=\"article\" \/>\n<meta property=\"og:title\" content=\"Cookies - EASY DAY\" \/>\n<meta property=\"og:description\" content=\"En totes les p\u00e0gines del lloc web easy-day.com, s&#039;il\u00b7lustra informaci\u00f3 sobre la seva Pol\u00edtica de Cookies a la part inferior de les mateixes perqu\u00e8\" \/>\n<meta property=\"og:url\" content=\"https:\/\/www.easy-day.com\/ca\/cookies-2\/\" \/>\n<meta property=\"og:site_name\" content=\"EASY DAY\" \/>\n<meta name=\"twitter:card\" content=\"summary_large_image\" \/>\n<meta name=\"twitter:label1\" content=\"Temps estimat de lectura\" \/>\n\t<meta name=\"twitter:data1\" content=\"3 minuts\" \/>\n<script type=\"application\/ld+json\" class=\"yoast-schema-graph\">{\"@context\":\"https:\/\/schema.org\",\"@graph\":[{\"@type\":\"WebPage\",\"@id\":\"https:\/\/www.easy-day.com\/ca\/cookies-2\/\",\"url\":\"https:\/\/www.easy-day.com\/ca\/cookies-2\/\",\"name\":\"Cookies - EASY DAY\",\"isPartOf\":{\"@id\":\"https:\/\/www.easy-day.com\/ca\/#website\"},\"datePublished\":\"2020-02-25T14:14:59+00:00\",\"description\":\"En totes les p\u00e0gines del lloc web easy-day.com, s'il\u00b7lustra informaci\u00f3 sobre la seva Pol\u00edtica de Cookies a la part inferior de les mateixes perqu\u00e8\",\"breadcrumb\":{\"@id\":\"https:\/\/www.easy-day.com\/ca\/cookies-2\/#breadcrumb\"},\"inLanguage\":\"ca\",\"potentialAction\":[{\"@type\":\"ReadAction\",\"target\":[\"https:\/\/www.easy-day.com\/ca\/cookies-2\/\"]}]},{\"@type\":\"BreadcrumbList\",\"@id\":\"https:\/\/www.easy-day.com\/ca\/cookies-2\/#breadcrumb\",\"itemListElement\":[{\"@type\":\"ListItem\",\"position\":1,\"name\":\"Home\",\"item\":\"https:\/\/www.easy-day.com\/ca\/home-2\/\"},{\"@type\":\"ListItem\",\"position\":2,\"name\":\"Cookies\"}]},{\"@type\":\"WebSite\",\"@id\":\"https:\/\/www.easy-day.com\/ca\/#website\",\"url\":\"https:\/\/www.easy-day.com\/ca\/\",\"name\":\"EASY DAY\",\"description\":\"Adventure Education, Arts, Retreats, Cafe\",\"publisher\":{\"@id\":\"https:\/\/www.easy-day.com\/ca\/#organization\"},\"potentialAction\":[{\"@type\":\"SearchAction\",\"target\":{\"@type\":\"EntryPoint\",\"urlTemplate\":\"https:\/\/www.easy-day.com\/ca\/?s={search_term_string}\"},\"query-input\":{\"@type\":\"PropertyValueSpecification\",\"valueRequired\":true,\"valueName\":\"search_term_string\"}}],\"inLanguage\":\"ca\"},{\"@type\":\"Organization\",\"@id\":\"https:\/\/www.easy-day.com\/ca\/#organization\",\"name\":\"EASY DAY\",\"url\":\"https:\/\/www.easy-day.com\/ca\/\",\"logo\":{\"@type\":\"ImageObject\",\"inLanguage\":\"ca\",\"@id\":\"https:\/\/www.easy-day.com\/ca\/#\/schema\/logo\/image\/\",\"url\":\"https:\/\/www.easy-day.com\/wp-content\/uploads\/2016\/11\/easy_day_logo-01.png\",\"contentUrl\":\"https:\/\/www.easy-day.com\/wp-content\/uploads\/2016\/11\/easy_day_logo-01.png\",\"width\":55,\"height\":55,\"caption\":\"EASY DAY\"},\"image\":{\"@id\":\"https:\/\/www.easy-day.com\/ca\/#\/schema\/logo\/image\/\"}}]}<\/script>\n<!-- \/ Yoast SEO plugin. -->","yoast_head_json":{"title":"Cookies - EASY DAY","description":"En totes les p\u00e0gines del lloc web easy-day.com, s'il\u00b7lustra informaci\u00f3 sobre la seva Pol\u00edtica de Cookies a la part inferior de les mateixes perqu\u00e8","robots":{"index":"index","follow":"follow","max-snippet":"max-snippet:-1","max-image-preview":"max-image-preview:large","max-video-preview":"max-video-preview:-1"},"canonical":"https:\/\/www.easy-day.com\/ca\/cookies-2\/","og_locale":"ca_ES","og_type":"article","og_title":"Cookies - EASY DAY","og_description":"En totes les p\u00e0gines del lloc web easy-day.com, s'il\u00b7lustra informaci\u00f3 sobre la seva Pol\u00edtica de Cookies a la part inferior de les mateixes perqu\u00e8","og_url":"https:\/\/www.easy-day.com\/ca\/cookies-2\/","og_site_name":"EASY DAY","twitter_card":"summary_large_image","twitter_misc":{"Temps estimat de lectura":"3 minuts"},"schema":{"@context":"https:\/\/schema.org","@graph":[{"@type":"WebPage","@id":"https:\/\/www.easy-day.com\/ca\/cookies-2\/","url":"https:\/\/www.easy-day.com\/ca\/cookies-2\/","name":"Cookies - EASY DAY","isPartOf":{"@id":"https:\/\/www.easy-day.com\/ca\/#website"},"datePublished":"2020-02-25T14:14:59+00:00","description":"En totes les p\u00e0gines del lloc web easy-day.com, s'il\u00b7lustra informaci\u00f3 sobre la seva Pol\u00edtica de Cookies a la part inferior de les mateixes perqu\u00e8","breadcrumb":{"@id":"https:\/\/www.easy-day.com\/ca\/cookies-2\/#breadcrumb"},"inLanguage":"ca","potentialAction":[{"@type":"ReadAction","target":["https:\/\/www.easy-day.com\/ca\/cookies-2\/"]}]},{"@type":"BreadcrumbList","@id":"https:\/\/www.easy-day.com\/ca\/cookies-2\/#breadcrumb","itemListElement":[{"@type":"ListItem","position":1,"name":"Home","item":"https:\/\/www.easy-day.com\/ca\/home-2\/"},{"@type":"ListItem","position":2,"name":"Cookies"}]},{"@type":"WebSite","@id":"https:\/\/www.easy-day.com\/ca\/#website","url":"https:\/\/www.easy-day.com\/ca\/","name":"EASY DAY","description":"Adventure Education, Arts, Retreats, Cafe","publisher":{"@id":"https:\/\/www.easy-day.com\/ca\/#organization"},"potentialAction":[{"@type":"SearchAction","target":{"@type":"EntryPoint","urlTemplate":"https:\/\/www.easy-day.com\/ca\/?s={search_term_string}"},"query-input":{"@type":"PropertyValueSpecification","valueRequired":true,"valueName":"search_term_string"}}],"inLanguage":"ca"},{"@type":"Organization","@id":"https:\/\/www.easy-day.com\/ca\/#organization","name":"EASY DAY","url":"https:\/\/www.easy-day.com\/ca\/","logo":{"@type":"ImageObject","inLanguage":"ca","@id":"https:\/\/www.easy-day.com\/ca\/#\/schema\/logo\/image\/","url":"https:\/\/www.easy-day.com\/wp-content\/uploads\/2016\/11\/easy_day_logo-01.png","contentUrl":"https:\/\/www.easy-day.com\/wp-content\/uploads\/2016\/11\/easy_day_logo-01.png","width":55,"height":55,"caption":"EASY DAY"},"image":{"@id":"https:\/\/www.easy-day.com\/ca\/#\/schema\/logo\/image\/"}}]}},"_links":{"self":[{"href":"https:\/\/www.easy-day.com\/ca\/wp-json\/wp\/v2\/pages\/9663","targetHints":{"allow":["GET"]}}],"collection":[{"href":"https:\/\/www.easy-day.com\/ca\/wp-json\/wp\/v2\/pages"}],"about":[{"href":"https:\/\/www.easy-day.com\/ca\/wp-json\/wp\/v2\/types\/page"}],"author":[{"embeddable":true,"href":"https:\/\/www.easy-day.com\/ca\/wp-json\/wp\/v2\/users\/2"}],"replies":[{"embeddable":true,"href":"https:\/\/www.easy-day.com\/ca\/wp-json\/wp\/v2\/comments?post=9663"}],"version-history":[{"count":0,"href":"https:\/\/www.easy-day.com\/ca\/wp-json\/wp\/v2\/pages\/9663\/revisions"}],"wp:attachment":[{"href":"https:\/\/www.easy-day.com\/ca\/wp-json\/wp\/v2\/media?parent=9663"}],"curies":[{"name":"wp","href":"https:\/\/api.w.org\/{rel}","templated":true}]}}