{"id":9398,"date":"2020-02-25T14:14:46","date_gmt":"2020-02-25T14:14:46","guid":{"rendered":"https:\/\/www.easy-day.com\/avis-legal\/"},"modified":"2026-04-29T09:33:50","modified_gmt":"2026-04-29T09:33:50","slug":"avis-legal","status":"publish","type":"page","link":"https:\/\/www.easy-day.com\/ca\/avis-legal\/","title":{"rendered":"Av\u00eds legal"},"content":{"rendered":"<p>\u00a0<\/p>\n<p>\u00a0<\/p>\n<p>El lloc web es proporciona &#8220;tal com est\u00e0&#8221;. Active Earth\/Korbi Hort renuncia expressament a totes les garanties, incloses les garanties de comercialitzaci\u00f3, aptitud per a un prop\u00f2sit particular i no infracci\u00f3. Korbi Hort \/ Active Earth declina tota responsabilitat per qualsevol p\u00e8rdua, lesi\u00f3, reclamaci\u00f3, responsabilitat o dany de qualsevol tipus derivats de, derivats o relacionats amb (a) qualsevol error o omissi\u00f3 d&#8217;aquest lloc web i el contingut, incloses, entre d&#8217;altres, inexactituds t\u00e8cniques i errors tipogr\u00e0fics, (b) qualsevol lloc web de tercers o contingut a qu\u00e8 s&#8217;hi accedeixi directament o indirectament mitjan\u00e7ant enlla\u00e7os o enlla\u00e7os indirectes a aquest lloc web. omissions, (c) la indisponibilitat del lloc web o qualsevol part del mateix, (d) el vostre \u00fas d&#8217;aquest lloc web o (e) el vostre \u00fas de qualsevol equip o programari en relaci\u00f3 amb el lloc web.<\/p>\n<p><strong>Limitaci\u00f3 de responsabilitat<\/strong><br \/>En cap cas i sota cap teoria legal o equitativa, ja sigui delictiu, contractual, de responsabilitat estricta o d&#8217;una altra manera, ser\u00e9 responsable de cap dany directe, indirecte, especial, incidental o conseq\u00fcent que sorgeixi de qualsevol \u00fas de la informaci\u00f3 continguda aqu\u00ed, inclosos, sense limitaci\u00f3, danys per guanys perduts, p\u00e8rdua de bona voluntat, p\u00e8rdua de dades, aturada del treball, fallada de l&#8217;ordinador o mal funcionament de l&#8217;ordinador.<\/p>\n<p><strong>Indemnitzaci\u00f3<\/strong><br \/>Accepteu defensar, indemnitzar i mantenir indemne a Active Earth\/Korbi Hort de qualsevol reclamaci\u00f3, dany, cost i despeses, inclosos els honoraris legals, derivats i relacionats amb el vostre \u00fas del lloc.<\/p>\n<p><strong>Av\u00eds de drets d&#8217;autor<\/strong><br \/>Llevat que s&#8217;indiqui el contrari, les imatges gr\u00e0fiques, els botons i el text continguts en aquest lloc s\u00f3n propietat exclusiva d&#8217;Active Earth\/Korbi Hort. Excepte per a \u00fas personal, aquests elements no es poden copiar, distribuir, mostrar, reproduir o transmetre, de cap forma ni per qualsevol mitj\u00e0, electr\u00f2nic, mec\u00e0nic, fotoc\u00f2pia, enregistrament o qualsevol altre sense el perm\u00eds previ per escrit d&#8217;Active Earth\/Korbi Hort.<\/p>\n<p><strong>Marques comercials<\/strong><br \/>Aquest lloc inclou logotips, identitats de marca i altres marques comercials i marques de servei (col\u00b7lectivament, les &#8220;Marques&#8221;) que s\u00f3n propietat d&#8217;Active Earth\/Korbi Hort o els seus clients actuals o tenen llic\u00e8ncia. Res del contingut d&#8217;aquest lloc s&#8217;ha d&#8217;interpretar com una concessi\u00f3, per implicaci\u00f3, preclusi\u00f3 o d&#8217;una altra manera, cap llic\u00e8ncia o dret d&#8217;utilitzar qualsevol marca que es mostri en aquest lloc sense el perm\u00eds per escrit de Korbi Hort \/ Active Earth o qualsevol tercer que pugui ser propietari d&#8217;una marca que es mostri al lloc.<\/p>\n<p><strong>Links to Third Party Sites<\/strong><br \/>As a convenience to users, this Site may link to other sites owned and operated by third parties and not maintained by Korbi Hort. However, even if such third parties are affiliated to Korbi Hort \/ Active Earth, he has no control over these linked sites, all of which have separate privacy and data collection practices and legal policies independent of Korbi Hort. Korbi Hort \/ Active Earth is not responsible for the contents of any linked sites and does not make any representations regarding the content or accuracy of material on such sites. Viewing such third party sites is entirely at your own risk.<\/p>\n<p><strong>Llenguatge d&#8217;advert\u00e8ncia respecte a les declaracions prospectives<\/strong><br \/>Aquest lloc pot contenir declaracions, estimacions o projeccions que constitueixen &#8220;declaracions prospectives&#8221; tal com es defineix per la llei. Totes aquestes declaracions prospectives s\u00f3n inherentment especulatives i es basen en la informaci\u00f3 disponible actualment, els plans operatius i les projeccions sobre esdeveniments i tend\u00e8ncies futurs. Com a tal, estan subjectes a nombrosos riscos i incerteses. Els resultats i el rendiment reals poden ser molt diferents de l&#8217;experi\u00e8ncia hist\u00f2rica de Korbi Horts i de les expectatives o projeccions actuals. Korbi Hort no assumeix cap obligaci\u00f3 d&#8217;actualitzar o revisar p\u00fablicament cap declaraci\u00f3 prospectiva.<\/p>\n<p><strong>Jurisdicci\u00f3<\/strong><br \/>Active Earth \/ Korbi Hort mant\u00e9 i opera aquest Lloc des de les seves oficines a Espanya. Aquestes Condicions d&#8217;\u00das es regeixen i s&#8217;interpreten segons les lleis d&#8217;Espanya. En utilitzar aquest lloc accepteu la jurisdicci\u00f3 dels jutjats situats a Espanya per a qualsevol acci\u00f3 derivada d&#8217;aquestes Condicions d&#8217;\u00fas. Qualsevol causa d&#8217;acci\u00f3 o reclamaci\u00f3 que pugueu tenir respecte al Lloc s&#8217;ha d&#8217;iniciar en el termini d&#8217;un (1) any despr\u00e9s de l&#8217;aparici\u00f3 de la reclamaci\u00f3 o causa de l&#8217;acci\u00f3. Si alguna part d&#8217;aquestes Condicions d&#8217;\u00fas es considera il\u00b7legal, nul\u00b7la o inaplicable, aquesta part es considerar\u00e0 separable i s&#8217;interpretar\u00e0 d&#8217;acord amb la legislaci\u00f3 aplicable. Aquest terme no afectar\u00e0 la validesa i l&#8217;execuci\u00f3 de les disposicions restants. El fet que Korbi Hort no actu\u00ef respecte a l&#8217;incompliment d&#8217;aquestes Condicions d&#8217;\u00fas per part vostra o d&#8217;altres no constitueix una ren\u00fancia i no limitar\u00e0 els drets d&#8217;Active Earth\/Korbi Hort.<\/p>\n<p><strong>Utilitzant el lloc web d&#8217;Active Earth<\/strong><br \/>Tingueu en compte que el contingut d&#8217;aquest lloc web pot canviar de tant en tant. El contingut d&#8217;aquest lloc web pot no estar sempre disponible. Els usuaris que no acceptin les Condicions d&#8217;\u00fas tal com es descriuen aqu\u00ed han de deixar d&#8217;utilitzar aquest lloc web immediatament.<\/p>\n","protected":false},"excerpt":{"rendered":"<p>\u00a0 \u00a0 El lloc web es proporciona &#8220;tal com est\u00e0&#8221;. Active Earth\/Korbi Hort renuncia expressament a totes les garanties, incloses les garanties de comercialitzaci\u00f3, aptitud per a un prop\u00f2sit particular i no infracci\u00f3. Korbi Hort \/ Active Earth declina tota responsabilitat per qualsevol p\u00e8rdua, lesi\u00f3, reclamaci\u00f3, responsabilitat o dany de qualsevol tipus derivats de, derivats [&hellip;]<\/p>\n","protected":false},"author":2,"featured_media":0,"parent":0,"menu_order":0,"comment_status":"closed","ping_status":"closed","template":"","meta":{"footnotes":""},"class_list":["post-9398","page","type-page","status-publish","hentry"],"yoast_head":"<!-- This site is optimized with the Yoast SEO plugin v27.1.1 - https:\/\/yoast.com\/product\/yoast-seo-wordpress\/ -->\n<title>Av\u00eds legal - EASY DAY<\/title>\n<meta name=\"description\" content=\"\u00a0\u00a0El lloc web es proporciona &quot;tal com est\u00e0&quot;. Active Earth\/Korbi Hort renuncia expressament a totes les garanties, incloses les garanties de\" \/>\n<meta name=\"robots\" content=\"index, follow, max-snippet:-1, max-image-preview:large, max-video-preview:-1\" \/>\n<link rel=\"canonical\" href=\"https:\/\/www.easy-day.com\/ca\/avis-legal\/\" \/>\n<meta property=\"og:locale\" content=\"ca_ES\" \/>\n<meta property=\"og:type\" content=\"article\" \/>\n<meta property=\"og:title\" content=\"Av\u00eds legal - EASY DAY\" \/>\n<meta property=\"og:description\" content=\"\u00a0\u00a0El lloc web es proporciona &quot;tal com est\u00e0&quot;. Active Earth\/Korbi Hort renuncia expressament a totes les garanties, incloses les garanties de\" \/>\n<meta property=\"og:url\" content=\"https:\/\/www.easy-day.com\/ca\/avis-legal\/\" \/>\n<meta property=\"og:site_name\" content=\"EASY DAY\" \/>\n<meta property=\"article:modified_time\" content=\"2026-04-29T09:33:50+00:00\" \/>\n<meta name=\"twitter:card\" content=\"summary_large_image\" \/>\n<meta name=\"twitter:label1\" content=\"Temps estimat de lectura\" \/>\n\t<meta name=\"twitter:data1\" content=\"5 minuts\" \/>\n<script type=\"application\/ld+json\" class=\"yoast-schema-graph\">{\"@context\":\"https:\/\/schema.org\",\"@graph\":[{\"@type\":\"WebPage\",\"@id\":\"https:\/\/www.easy-day.com\/ca\/avis-legal\/\",\"url\":\"https:\/\/www.easy-day.com\/ca\/avis-legal\/\",\"name\":\"Av\u00eds legal - EASY DAY\",\"isPartOf\":{\"@id\":\"https:\/\/www.easy-day.com\/ca\/#website\"},\"datePublished\":\"2020-02-25T14:14:46+00:00\",\"dateModified\":\"2026-04-29T09:33:50+00:00\",\"description\":\"\u00a0\u00a0El lloc web es proporciona \\\"tal com est\u00e0\\\". Active Earth\/Korbi Hort renuncia expressament a totes les garanties, incloses les garanties de\",\"breadcrumb\":{\"@id\":\"https:\/\/www.easy-day.com\/ca\/avis-legal\/#breadcrumb\"},\"inLanguage\":\"ca\",\"potentialAction\":[{\"@type\":\"ReadAction\",\"target\":[\"https:\/\/www.easy-day.com\/ca\/avis-legal\/\"]}]},{\"@type\":\"BreadcrumbList\",\"@id\":\"https:\/\/www.easy-day.com\/ca\/avis-legal\/#breadcrumb\",\"itemListElement\":[{\"@type\":\"ListItem\",\"position\":1,\"name\":\"Home\",\"item\":\"https:\/\/www.easy-day.com\/ca\/home-2\/\"},{\"@type\":\"ListItem\",\"position\":2,\"name\":\"Av\u00eds legal\"}]},{\"@type\":\"WebSite\",\"@id\":\"https:\/\/www.easy-day.com\/ca\/#website\",\"url\":\"https:\/\/www.easy-day.com\/ca\/\",\"name\":\"EASY DAY\",\"description\":\"Adventure Education, Arts, Retreats, Cafe\",\"publisher\":{\"@id\":\"https:\/\/www.easy-day.com\/ca\/#organization\"},\"potentialAction\":[{\"@type\":\"SearchAction\",\"target\":{\"@type\":\"EntryPoint\",\"urlTemplate\":\"https:\/\/www.easy-day.com\/ca\/?s={search_term_string}\"},\"query-input\":{\"@type\":\"PropertyValueSpecification\",\"valueRequired\":true,\"valueName\":\"search_term_string\"}}],\"inLanguage\":\"ca\"},{\"@type\":\"Organization\",\"@id\":\"https:\/\/www.easy-day.com\/ca\/#organization\",\"name\":\"EASY DAY\",\"url\":\"https:\/\/www.easy-day.com\/ca\/\",\"logo\":{\"@type\":\"ImageObject\",\"inLanguage\":\"ca\",\"@id\":\"https:\/\/www.easy-day.com\/ca\/#\/schema\/logo\/image\/\",\"url\":\"https:\/\/www.easy-day.com\/wp-content\/uploads\/2016\/11\/easy_day_logo-01.png\",\"contentUrl\":\"https:\/\/www.easy-day.com\/wp-content\/uploads\/2016\/11\/easy_day_logo-01.png\",\"width\":55,\"height\":55,\"caption\":\"EASY DAY\"},\"image\":{\"@id\":\"https:\/\/www.easy-day.com\/ca\/#\/schema\/logo\/image\/\"}}]}<\/script>\n<!-- \/ Yoast SEO plugin. -->","yoast_head_json":{"title":"Av\u00eds legal - EASY DAY","description":"\u00a0\u00a0El lloc web es proporciona \"tal com est\u00e0\". Active Earth\/Korbi Hort renuncia expressament a totes les garanties, incloses les garanties de","robots":{"index":"index","follow":"follow","max-snippet":"max-snippet:-1","max-image-preview":"max-image-preview:large","max-video-preview":"max-video-preview:-1"},"canonical":"https:\/\/www.easy-day.com\/ca\/avis-legal\/","og_locale":"ca_ES","og_type":"article","og_title":"Av\u00eds legal - EASY DAY","og_description":"\u00a0\u00a0El lloc web es proporciona \"tal com est\u00e0\". Active Earth\/Korbi Hort renuncia expressament a totes les garanties, incloses les garanties de","og_url":"https:\/\/www.easy-day.com\/ca\/avis-legal\/","og_site_name":"EASY DAY","article_modified_time":"2026-04-29T09:33:50+00:00","twitter_card":"summary_large_image","twitter_misc":{"Temps estimat de lectura":"5 minuts"},"schema":{"@context":"https:\/\/schema.org","@graph":[{"@type":"WebPage","@id":"https:\/\/www.easy-day.com\/ca\/avis-legal\/","url":"https:\/\/www.easy-day.com\/ca\/avis-legal\/","name":"Av\u00eds legal - EASY DAY","isPartOf":{"@id":"https:\/\/www.easy-day.com\/ca\/#website"},"datePublished":"2020-02-25T14:14:46+00:00","dateModified":"2026-04-29T09:33:50+00:00","description":"\u00a0\u00a0El lloc web es proporciona \"tal com est\u00e0\". Active Earth\/Korbi Hort renuncia expressament a totes les garanties, incloses les garanties de","breadcrumb":{"@id":"https:\/\/www.easy-day.com\/ca\/avis-legal\/#breadcrumb"},"inLanguage":"ca","potentialAction":[{"@type":"ReadAction","target":["https:\/\/www.easy-day.com\/ca\/avis-legal\/"]}]},{"@type":"BreadcrumbList","@id":"https:\/\/www.easy-day.com\/ca\/avis-legal\/#breadcrumb","itemListElement":[{"@type":"ListItem","position":1,"name":"Home","item":"https:\/\/www.easy-day.com\/ca\/home-2\/"},{"@type":"ListItem","position":2,"name":"Av\u00eds legal"}]},{"@type":"WebSite","@id":"https:\/\/www.easy-day.com\/ca\/#website","url":"https:\/\/www.easy-day.com\/ca\/","name":"EASY DAY","description":"Adventure Education, Arts, Retreats, Cafe","publisher":{"@id":"https:\/\/www.easy-day.com\/ca\/#organization"},"potentialAction":[{"@type":"SearchAction","target":{"@type":"EntryPoint","urlTemplate":"https:\/\/www.easy-day.com\/ca\/?s={search_term_string}"},"query-input":{"@type":"PropertyValueSpecification","valueRequired":true,"valueName":"search_term_string"}}],"inLanguage":"ca"},{"@type":"Organization","@id":"https:\/\/www.easy-day.com\/ca\/#organization","name":"EASY DAY","url":"https:\/\/www.easy-day.com\/ca\/","logo":{"@type":"ImageObject","inLanguage":"ca","@id":"https:\/\/www.easy-day.com\/ca\/#\/schema\/logo\/image\/","url":"https:\/\/www.easy-day.com\/wp-content\/uploads\/2016\/11\/easy_day_logo-01.png","contentUrl":"https:\/\/www.easy-day.com\/wp-content\/uploads\/2016\/11\/easy_day_logo-01.png","width":55,"height":55,"caption":"EASY DAY"},"image":{"@id":"https:\/\/www.easy-day.com\/ca\/#\/schema\/logo\/image\/"}}]}},"_links":{"self":[{"href":"https:\/\/www.easy-day.com\/ca\/wp-json\/wp\/v2\/pages\/9398","targetHints":{"allow":["GET"]}}],"collection":[{"href":"https:\/\/www.easy-day.com\/ca\/wp-json\/wp\/v2\/pages"}],"about":[{"href":"https:\/\/www.easy-day.com\/ca\/wp-json\/wp\/v2\/types\/page"}],"author":[{"embeddable":true,"href":"https:\/\/www.easy-day.com\/ca\/wp-json\/wp\/v2\/users\/2"}],"replies":[{"embeddable":true,"href":"https:\/\/www.easy-day.com\/ca\/wp-json\/wp\/v2\/comments?post=9398"}],"version-history":[{"count":3,"href":"https:\/\/www.easy-day.com\/ca\/wp-json\/wp\/v2\/pages\/9398\/revisions"}],"predecessor-version":[{"id":11000,"href":"https:\/\/www.easy-day.com\/ca\/wp-json\/wp\/v2\/pages\/9398\/revisions\/11000"}],"wp:attachment":[{"href":"https:\/\/www.easy-day.com\/ca\/wp-json\/wp\/v2\/media?parent=9398"}],"curies":[{"name":"wp","href":"https:\/\/api.w.org\/{rel}","templated":true}]}}